{"id":943,"date":"2019-09-03T15:35:12","date_gmt":"2019-09-03T13:35:12","guid":{"rendered":"http:\/\/archersdebollene.fr\/?page_id=943"},"modified":"2019-09-03T15:35:12","modified_gmt":"2019-09-03T13:35:12","slug":"la-vie-dans-le-club","status":"publish","type":"page","link":"https:\/\/archersdebollene.fr\/index.php\/la-vie-dans-le-club\/","title":{"rendered":"La vie dans le club"},"content":{"rendered":"<ul>\n<li><span id=\"p14\">La journ\u00e9e des associations, d\u00e9but septembre.<\/span><span id=\"p15\">\u00a0Organis\u00e9e par la ville de\u00a0<span id=\"23\" class=\"s-rg-t\">Boll\u00e8ne<\/span>, c&rsquo;est le moment de nous rencontrer et d&rsquo;essayer le tir \u00e0 l&rsquo;arc toute la journ\u00e9e.<\/span><\/li>\n<\/ul>\n<ul>\n<li><span id=\"p16\">Organisation du concours salle 18 m\u00e8tres, fin novembre.<\/span><\/li>\n<\/ul>\n<ul>\n<li><span id=\"p17\">La Galette des Rois, en janvier, moment de partage et de rencontre entre tous pour f\u00eater la nouvelle ann\u00e9e.<\/span><\/li>\n<\/ul>\n<ul>\n<li><span id=\"p18\">Organisation du concours ext\u00e9rieur, d\u00e9but juin.<\/span><\/li>\n<\/ul>\n<ul>\n<li><span id=\"p19\">Tir du Roy, fin juin.<\/span><span id=\"p20\">\u00a0Encore un moment de partage et de rencontre, tout en pratiquant le tir \u00e0 l&rsquo;arc autour d&rsquo;une comp\u00e9tition pour devenir \u00ab\u00a0Roy\u00a0\u00bb, pour petit et grand !<\/span><span id=\"p21\">\u00a0\u00c0 d\u00e9couvrir&#8230;<\/span><\/li>\n<\/ul>\n<h5><span id=\"p22\">Et plein d&rsquo;autres moments convivial et de partage !<\/span><\/h5>\n","protected":false},"excerpt":{"rendered":"<p>La journ\u00e9e des associations, d\u00e9but septembre.\u00a0Organis\u00e9e par la ville de\u00a0Boll\u00e8ne, c&rsquo;est le moment de nous rencontrer et d&rsquo;essayer le tir \u00e0 l&rsquo;arc toute la journ\u00e9e. Organisation du concours salle 18 m\u00e8tres, fin novembre. La Galette des Rois, en janvier, moment de partage et de rencontre entre tous pour f\u00eater la nouvelle ann\u00e9e. Organisation du concours &hellip; <\/p>\n<p class=\"link-more\"><a href=\"https:\/\/archersdebollene.fr\/index.php\/la-vie-dans-le-club\/\" class=\"more-link\">Continuer la lecture<span class=\"screen-reader-text\"> de &laquo;&nbsp;La vie dans le club&nbsp;&raquo;<\/span><\/a><\/p>\n","protected":false},"author":1,"featured_media":970,"parent":0,"menu_order":0,"comment_status":"closed","ping_status":"closed","template":"","meta":{"footnotes":""},"class_list":["post-943","page","type-page","status-publish","has-post-thumbnail","hentry"],"_links":{"self":[{"href":"https:\/\/archersdebollene.fr\/index.php\/wp-json\/wp\/v2\/pages\/943","targetHints":{"allow":["GET"]}}],"collection":[{"href":"https:\/\/archersdebollene.fr\/index.php\/wp-json\/wp\/v2\/pages"}],"about":[{"href":"https:\/\/archersdebollene.fr\/index.php\/wp-json\/wp\/v2\/types\/page"}],"author":[{"embeddable":true,"href":"https:\/\/archersdebollene.fr\/index.php\/wp-json\/wp\/v2\/users\/1"}],"replies":[{"embeddable":true,"href":"https:\/\/archersdebollene.fr\/index.php\/wp-json\/wp\/v2\/comments?post=943"}],"version-history":[{"count":7,"href":"https:\/\/archersdebollene.fr\/index.php\/wp-json\/wp\/v2\/pages\/943\/revisions"}],"predecessor-version":[{"id":1034,"href":"https:\/\/archersdebollene.fr\/index.php\/wp-json\/wp\/v2\/pages\/943\/revisions\/1034"}],"wp:featuredmedia":[{"embeddable":true,"href":"https:\/\/archersdebollene.fr\/index.php\/wp-json\/wp\/v2\/media\/970"}],"wp:attachment":[{"href":"https:\/\/archersdebollene.fr\/index.php\/wp-json\/wp\/v2\/media?parent=943"}],"curies":[{"name":"wp","href":"https:\/\/api.w.org\/{rel}","templated":true}]}}