{"id":893,"date":"2019-01-27T19:16:25","date_gmt":"2019-01-27T18:16:25","guid":{"rendered":"http:\/\/archersdebollene.fr\/?page_id=893"},"modified":"2020-09-06T17:16:46","modified_gmt":"2020-09-06T15:16:46","slug":"ques-que-le-droits-a-limage","status":"publish","type":"page","link":"https:\/\/archersdebollene.fr\/index.php\/ques-que-le-droits-a-limage\/","title":{"rendered":"Le droits \u00e0 l&rsquo;image"},"content":{"rendered":"<h3><strong><em>Droit \u00e0 l&rsquo;image dans le sport : les obligations l\u00e9gales.<\/em><\/strong><\/h3>\n<p>En plus du droit au respect de sa vie priv\u00e9e, le sportif dispose d&rsquo;un droit sur son image, qui suppose qu&rsquo;elle ne peut \u00eatre exploit\u00e9e sans son consentement. L&rsquo;exploitation du droit \u00e0 l&rsquo;image se retrouve \u00e0 trois niveaux.<\/p>\n<ul>\n<li>D&rsquo;abord, son&nbsp;<strong>droit \u00e0 l&rsquo;image individue<\/strong>l, c&rsquo;est-\u00e0-dire en dehors de la structure sportive dont il fait partie. Il est ainsi libre de g\u00e9rer et de commercialiser son image comme il le souhaite, par le biais par exemple de contrat de parrainage ou de publicit\u00e9.<\/li>\n<li>Ensuite, il existe le <strong>droit \u00e0 l&rsquo;image individuel associ\u00e9<\/strong> \u00e0 l&rsquo;activit\u00e9 de la structure sportive. Celle-ci a la possibilit\u00e9 d&rsquo;utiliser l&rsquo;image du sportif pour assurer sa promotion ou celles des comp\u00e9titions, ou encore de commercialiser des produits d\u00e9riv\u00e9s ou des \u00e9quipements sportifs. Dans ces deux cas, le consentement express du sportif n&rsquo;est pas n\u00e9cessaire. Mais en dehors, la structure doit obtenir son accord.<\/li>\n<li>Enfin, le&nbsp;<strong>droit d&rsquo;image collective<\/strong>, qui d\u00e9signe les images repr\u00e9sentant plusieurs sportifs appartenant par exemple \u00e0 un m\u00eame club. Pour \u00eatre consid\u00e9r\u00e9e comme une image collective, elle doit repr\u00e9senter au moins la moiti\u00e9 de l&rsquo;effectif. La structure b\u00e9n\u00e9ficie alors d&rsquo;une exclusivit\u00e9 dans l&rsquo;exploitation de ces image. En contrepartie, le sportif peut percevoir une r\u00e9mun\u00e9ration suppl\u00e9mentaire, qui ne peut pas exc\u00e9der 30% de la r\u00e9mun\u00e9ration brute totale du sportif (article L222-2 du Code du sport).<\/li>\n<\/ul>\n<p>L&rsquo;utilisation de l&rsquo;image du sportif par l&rsquo;association ou la soci\u00e9t\u00e9 sportive doit de pr\u00e9f\u00e9rence faire l&rsquo;objet d&rsquo;un contrat, pr\u00e9cisant la dur\u00e9e de cette autorisation et l&rsquo;\u00e9tendue de l&rsquo;exploitation. Des limites peuvent ainsi \u00eatre pr\u00e9vues contractuellement, comme le type de support, le nombre de reproduction ou les situations dans lesquelles sont prises les images.<\/p>\n<h3><em><strong>Code du sport : Droit \u00e0 l&rsquo;image en comp\u00e9tition.<\/strong><\/em><\/h3>\n<div class=\"titreArt\">Article L333-1<\/div>\n<div class=\"histoArt\"><\/div>\n<div class=\"corpsArt\">\n<p>\u00ab\u00a0Les f\u00e9d\u00e9rations sportives, ainsi que les organisateurs de manifestations sportives mentionn\u00e9s \u00e0&nbsp;l&rsquo;article L. 331-5,&nbsp;sont propri\u00e9taires du droit d&rsquo;exploitation des manifestations ou comp\u00e9titions sportives qu&rsquo;ils organisent.<\/p>\n<p>Toute f\u00e9d\u00e9ration sportive peut c\u00e9der aux soci\u00e9t\u00e9s sportives, \u00e0 titre gratuit, la propri\u00e9t\u00e9 de tout ou partie des droits d&rsquo;exploitation audiovisuelle des comp\u00e9titions ou manifestations sportives organis\u00e9es chaque saison sportive par la ligue professionnelle qu&rsquo;elle a cr\u00e9\u00e9e, d\u00e8s lors que ces soci\u00e9t\u00e9s participent \u00e0 ces comp\u00e9titions ou manifestations sportives. La cession b\u00e9n\u00e9ficie alors \u00e0 chacune de ces soci\u00e9t\u00e9s.\u00a0\u00bb<\/p>\n<\/div>\n<p style=\"text-align: right;\"><span style=\"color: #c2c2c2;\">Source : Alexia Avocat .fr &#8211; Legifrance .gouv .fr<\/span><\/p>\n","protected":false},"excerpt":{"rendered":"<p>Droit \u00e0 l&rsquo;image dans le sport : les obligations l\u00e9gales. En plus du droit au respect de sa vie priv\u00e9e, le sportif dispose d&rsquo;un droit sur son image, qui suppose qu&rsquo;elle ne peut \u00eatre exploit\u00e9e sans son consentement. L&rsquo;exploitation du droit \u00e0 l&rsquo;image se retrouve \u00e0 trois niveaux. D&rsquo;abord, son&nbsp;droit \u00e0 l&rsquo;image individuel, c&rsquo;est-\u00e0-dire en &hellip; <\/p>\n<p class=\"link-more\"><a href=\"https:\/\/archersdebollene.fr\/index.php\/ques-que-le-droits-a-limage\/\" class=\"more-link\">Continuer la lecture<span class=\"screen-reader-text\"> de &laquo;&nbsp;Le droits \u00e0 l&rsquo;image&nbsp;&raquo;<\/span><\/a><\/p>\n","protected":false},"author":1,"featured_media":0,"parent":0,"menu_order":0,"comment_status":"closed","ping_status":"closed","template":"","meta":{"footnotes":""},"class_list":["post-893","page","type-page","status-publish","hentry"],"_links":{"self":[{"href":"https:\/\/archersdebollene.fr\/index.php\/wp-json\/wp\/v2\/pages\/893","targetHints":{"allow":["GET"]}}],"collection":[{"href":"https:\/\/archersdebollene.fr\/index.php\/wp-json\/wp\/v2\/pages"}],"about":[{"href":"https:\/\/archersdebollene.fr\/index.php\/wp-json\/wp\/v2\/types\/page"}],"author":[{"embeddable":true,"href":"https:\/\/archersdebollene.fr\/index.php\/wp-json\/wp\/v2\/users\/1"}],"replies":[{"embeddable":true,"href":"https:\/\/archersdebollene.fr\/index.php\/wp-json\/wp\/v2\/comments?post=893"}],"version-history":[{"count":5,"href":"https:\/\/archersdebollene.fr\/index.php\/wp-json\/wp\/v2\/pages\/893\/revisions"}],"predecessor-version":[{"id":1264,"href":"https:\/\/archersdebollene.fr\/index.php\/wp-json\/wp\/v2\/pages\/893\/revisions\/1264"}],"wp:attachment":[{"href":"https:\/\/archersdebollene.fr\/index.php\/wp-json\/wp\/v2\/media?parent=893"}],"curies":[{"name":"wp","href":"https:\/\/api.w.org\/{rel}","templated":true}]}}