{"id":88,"date":"2018-09-09T17:16:55","date_gmt":"2018-09-09T15:16:55","guid":{"rendered":"http:\/\/archersdebollene.fr\/?page_id=88"},"modified":"2025-08-27T15:43:54","modified_gmt":"2025-08-27T13:43:54","slug":"nous-rencontrer","status":"publish","type":"page","link":"https:\/\/archersdebollene.fr\/index.php\/nous-rencontrer\/","title":{"rendered":"Nous rencontrer"},"content":{"rendered":"<ul>\n<li>Journ\u00e9e des associations 2025, le samedi 13 septembre 2025, 10h \u00e0 16h30, place du 18 juin, Boll\u00e8ne.\n<div dir=\"auto\">Reprise des entrainements le samedi 20 septembre \u00e0 8h pour les confirmer et le samedi 20 septembre \u00e0 10h pour les d\u00e9butants. Accueil au gymnase curie, Boll\u00e8ne.<\/div>\n<p><img loading=\"lazy\" decoding=\"async\" class=\"aligncenter size-medium wp-image-1597\" src=\"http:\/\/archersdebollene.fr\/wp-content\/uploads\/2025\/08\/891560fc3c97ad0088be0e11df0899ce_XL-300x225.png\" alt=\"\" width=\"300\" height=\"225\" srcset=\"https:\/\/archersdebollene.fr\/wp-content\/uploads\/2025\/08\/891560fc3c97ad0088be0e11df0899ce_XL-300x225.png 300w, https:\/\/archersdebollene.fr\/wp-content\/uploads\/2025\/08\/891560fc3c97ad0088be0e11df0899ce_XL-768x575.png 768w, https:\/\/archersdebollene.fr\/wp-content\/uploads\/2025\/08\/891560fc3c97ad0088be0e11df0899ce_XL.png 800w\" sizes=\"auto, (max-width: 300px) 100vw, 300px\" \/><\/li>\n<li style=\"text-align: center;\">Rencontrer nous lors des<strong> s\u00e9ances d\u2019entra\u00eenements d\u00e9butants<\/strong> le samedi au Gymnase Curie \u00e0 Boll\u00e8ne. Profitez de 2 s\u00e9ances d&rsquo;essai offertes. A PARTIR DE mi-SEPTEMBRE.<\/li>\n<\/ul>\n<p><img loading=\"lazy\" decoding=\"async\" class=\"aligncenter size-full wp-image-1439\" src=\"http:\/\/archersdebollene.fr\/wp-content\/uploads\/2022\/09\/304517934_1208225953242915_777505715655891929_n.jpg\" alt=\"\" width=\"1125\" height=\"1034\" srcset=\"https:\/\/archersdebollene.fr\/wp-content\/uploads\/2022\/09\/304517934_1208225953242915_777505715655891929_n.jpg 1125w, https:\/\/archersdebollene.fr\/wp-content\/uploads\/2022\/09\/304517934_1208225953242915_777505715655891929_n-300x276.jpg 300w, https:\/\/archersdebollene.fr\/wp-content\/uploads\/2022\/09\/304517934_1208225953242915_777505715655891929_n-1024x941.jpg 1024w, https:\/\/archersdebollene.fr\/wp-content\/uploads\/2022\/09\/304517934_1208225953242915_777505715655891929_n-768x706.jpg 768w\" sizes=\"auto, (max-width: 767px) 89vw, (max-width: 1000px) 54vw, (max-width: 1071px) 543px, 580px\" \/><\/p>\n<p><iframe loading=\"lazy\" style=\"border: 0;\" src=\"https:\/\/www.google.com\/maps\/embed?pb=!1m18!1m12!1m3!1d5713.0088307932765!2d4.739020475996535!3d44.27901434511865!2m3!1f0!2f0!3f0!3m2!1i1024!2i768!4f13.1!3m3!1m2!1s0x12b59f938919772f%3A0xb086119acbb7d56c!2sArchers+de+Boll%C3%A8ne!5e0!3m2!1sfr!2sfr!4v1538942186276\" width=\"600\" height=\"450\" frameborder=\"0\" allowfullscreen=\"allowfullscreen\"><\/iframe><\/p>\n","protected":false},"excerpt":{"rendered":"<p>Journ\u00e9e des associations 2025, le samedi 13 septembre 2025, 10h \u00e0 16h30, place du 18 juin, Boll\u00e8ne. Reprise des entrainements le samedi 20 septembre \u00e0 8h pour les confirmer et le samedi 20 septembre \u00e0 10h pour les d\u00e9butants. Accueil au gymnase curie, Boll\u00e8ne. Rencontrer nous lors des s\u00e9ances d\u2019entra\u00eenements d\u00e9butants le samedi au Gymnase &hellip; <\/p>\n<p class=\"link-more\"><a href=\"https:\/\/archersdebollene.fr\/index.php\/nous-rencontrer\/\" class=\"more-link\">Continuer la lecture<span class=\"screen-reader-text\"> de &laquo;&nbsp;Nous rencontrer&nbsp;&raquo;<\/span><\/a><\/p>\n","protected":false},"author":1,"featured_media":1400,"parent":0,"menu_order":0,"comment_status":"closed","ping_status":"closed","template":"","meta":{"footnotes":""},"class_list":["post-88","page","type-page","status-publish","has-post-thumbnail","hentry"],"_links":{"self":[{"href":"https:\/\/archersdebollene.fr\/index.php\/wp-json\/wp\/v2\/pages\/88","targetHints":{"allow":["GET"]}}],"collection":[{"href":"https:\/\/archersdebollene.fr\/index.php\/wp-json\/wp\/v2\/pages"}],"about":[{"href":"https:\/\/archersdebollene.fr\/index.php\/wp-json\/wp\/v2\/types\/page"}],"author":[{"embeddable":true,"href":"https:\/\/archersdebollene.fr\/index.php\/wp-json\/wp\/v2\/users\/1"}],"replies":[{"embeddable":true,"href":"https:\/\/archersdebollene.fr\/index.php\/wp-json\/wp\/v2\/comments?post=88"}],"version-history":[{"count":28,"href":"https:\/\/archersdebollene.fr\/index.php\/wp-json\/wp\/v2\/pages\/88\/revisions"}],"predecessor-version":[{"id":1618,"href":"https:\/\/archersdebollene.fr\/index.php\/wp-json\/wp\/v2\/pages\/88\/revisions\/1618"}],"wp:featuredmedia":[{"embeddable":true,"href":"https:\/\/archersdebollene.fr\/index.php\/wp-json\/wp\/v2\/media\/1400"}],"wp:attachment":[{"href":"https:\/\/archersdebollene.fr\/index.php\/wp-json\/wp\/v2\/media?parent=88"}],"curies":[{"name":"wp","href":"https:\/\/api.w.org\/{rel}","templated":true}]}}