{"id":604,"date":"2018-10-19T23:44:37","date_gmt":"2018-10-19T21:44:37","guid":{"rendered":"http:\/\/archersdebollene.fr\/?page_id=604"},"modified":"2025-03-25T22:07:45","modified_gmt":"2025-03-25T21:07:45","slug":"ques-que-le-label-ffta","status":"publish","type":"page","link":"https:\/\/archersdebollene.fr\/index.php\/en-savoir-plus\/ques-que-le-label-ffta\/","title":{"rendered":"Qu&rsquo;es que le label club FFTA ?"},"content":{"rendered":"\n<p><strong>Le label est la reconnaissance par la FFTA des efforts de structuration consentis par le club pour progresser.&nbsp;L&rsquo;acc\u00e8s aux labels est une rampe de propulsion dans l\u2019\u00e9volution d\u2019un club. Il n&rsquo;existe pas de club \u00ab&nbsp;id\u00e9al&nbsp;\u00bb, de structure \u00ab&nbsp;type&nbsp;\u00bb, mais plus de 1600 clubs qui doivent progresser, en mettant en \u0153uvre les moyens pour atteindre les objectifs fix\u00e9s.<\/strong><\/p>\n\n\n\n<p><strong>En se structurant, le club doit&nbsp;:<\/strong><\/p>\n\n\n\n<ul class=\"wp-block-list\">\n<li>progresser \u00e0 son rythme tout en gardant son identit\u00e9.<\/li>\n\n\n\n<li>offrir \u00e0 ses adh\u00e9rents des services de qualit\u00e9 (l&rsquo;accueil, l&rsquo;apprentissage, l&rsquo;entra\u00eenement, l\u2019animation, l&rsquo;acc\u00e8s \u00e0 la comp\u00e9tition) afin de les fid\u00e9liser, le tout en fonction des \u00e9quipements dont il&nbsp;dispose.<\/li>\n\n\n\n<li>apporter du plaisir \u00e0 chaque archer dans sa pratique, en prenant en compte ses motivations.<\/li>\n<\/ul>\n\n\n\n<p><strong>Les principales caract\u00e9ristiques du dispositif :<\/strong><\/p>\n\n\n\n<ul class=\"wp-block-list\">\n<li>Le respect des statuts de la f\u00e9d\u00e9ration est int\u00e9gr\u00e9 dans les pr\u00e9-requis (6 licenci\u00e9s minimum, transmission du compte-rendu d\u2019assembl\u00e9e g\u00e9n\u00e9rale, participation aux assembl\u00e9es g\u00e9n\u00e9rales des comit\u00e9s d\u00e9partementaux et r\u00e9gionaux)&nbsp;<\/li>\n\n\n\n<li>D\u00e9p\u00f4t du&nbsp;projet associatif et du compte rendu d\u2019AG du club.&nbsp;<\/li>\n\n\n\n<li>Simplification du dispositif int\u00e9gr\u00e9e dans l\u2019espace du club (extranet f\u00e9d\u00e9ral)&nbsp;:\n<ul class=\"wp-block-list\">\n<li>un maximum de crit\u00e8res automatis\u00e9s.&nbsp;<\/li>\n\n\n\n<li>une diminution du nombre de crit\u00e8res et la&nbsp;fin du syst\u00e8me de points&nbsp;: pour valider un niveau, le club devra valider l\u2019ensemble des crit\u00e8res qui le d\u00e9finissent.&nbsp;<\/li>\n<\/ul>\n<\/li>\n\n\n\n<li>4 niveaux de&nbsp;mani\u00e8re \u00e0 avoir un premier niveau plus accessible&nbsp;et \u00e0 valoriser les clubs les plus avanc\u00e9s.<\/li>\n\n\n\n<li>Cr\u00e9ation de&nbsp;certifications qui permettront d\u2019identifier et valoriser les domaines d\u2019expertise du club et son implication (Accueil des moins de 10 ans, comp\u00e9tition, parcours, mixit\u00e9, animation\/d\u00e9couverte, Tir&nbsp;\u00e0 l\u2019arc sur ordonnance, handicap, citoyen).<\/li>\n\n\n\n<li>Accompagnement de la structuration des clubs&nbsp;:\n<ul class=\"wp-block-list\">\n<li>Formation des r\u00e9f\u00e9rents structuration labellisation des clubs pour accompagner les clubs \u00e0 l\u2019\u00e9laboration du projet associatif et \u00e0 mettre en \u00e9vidence leurs sp\u00e9cificit\u00e9s<\/li>\n\n\n\n<li>Cr\u00e9ation d\u2019un outil pour&nbsp;accompagner le club dans sa structuration, mise \u00e0 disposition d\u2019outils\u2026<\/li>\n<\/ul>\n<\/li>\n<\/ul>\n\n\n\n<p><strong>Comment un club peut \u00eatre labellis\u00e9&nbsp;?<\/strong><\/p>\n\n\n\n<p>Le club effectue sa demande via son espace club. Il devra valider : les pr\u00e9requis,&nbsp; les crit\u00e8res d\u2019au moins une certification&nbsp;et d\u2019un des niveaux de chaque th\u00e8me (\u00e9quipement, encadrement, sportif, jeunes). Chaque certification a ses crit\u00e8res distincts. Ils sont identiques pour tous les clubs sans diff\u00e9renciation suivant le niveau de label auquel il peut pr\u00e9tendre.&nbsp;<\/p>\n\n\n\n<p>Les demandes de label et certification(s)&nbsp;se font durant une p\u00e9riode d\u00e9termin\u00e9e de septembre \u00e0 fin octobre. En dehors de cette p\u00e9riode, les dossiers de demande de label et de certification(s) sont en mode \u00ab&nbsp;simulation&nbsp;\u00bb et ne pourront pas \u00eatre soumis aux r\u00e9f\u00e9rents d\u00e9partementaux et r\u00e9gionaux.&nbsp;<\/p>\n\n\n\n<p>Ce mode simulation permet \u00e0 chaque club d\u2019\u00e9valuer, \u00e0 n\u2019importe quel moment de l\u2019ann\u00e9e, ce qu\u2019il a la capacit\u00e9 de valider ou ce sur quoi il doit mettre l\u2019accent pour progresser.&nbsp;<\/p>\n\n\n\n<p>C\u2019est au 1er&nbsp;septembre de chaque ann\u00e9e que la base de donn\u00e9es sur laquelle s\u2019appuie l\u2019\u00e9valuation est mise \u00e0 jour. Chaque club devra donc v\u00e9rifier ou compl\u00e9ter ses donn\u00e9es (accueil, \u00e9quipements&#8230;).<\/p>\n\n\n\n<p><em>Source FFTA,<br>Plus d&rsquo;informations sur le site de la FFTA.fr<\/em><\/p>\n\n\n\n<p><\/p>\n","protected":false},"excerpt":{"rendered":"<p>Le label est la reconnaissance par la FFTA des efforts de structuration consentis par le club pour progresser.&nbsp;L&rsquo;acc\u00e8s aux labels est une rampe de propulsion dans l\u2019\u00e9volution d\u2019un club. Il n&rsquo;existe pas de club \u00ab&nbsp;id\u00e9al&nbsp;\u00bb, de structure \u00ab&nbsp;type&nbsp;\u00bb, mais plus de 1600 clubs qui doivent progresser, en mettant en \u0153uvre les moyens pour atteindre les &hellip; <\/p>\n<p class=\"link-more\"><a href=\"https:\/\/archersdebollene.fr\/index.php\/en-savoir-plus\/ques-que-le-label-ffta\/\" class=\"more-link\">Continuer la lecture<span class=\"screen-reader-text\"> de &laquo;&nbsp;Qu&rsquo;es que le label club FFTA ?&nbsp;&raquo;<\/span><\/a><\/p>\n","protected":false},"author":1,"featured_media":1485,"parent":69,"menu_order":0,"comment_status":"closed","ping_status":"closed","template":"","meta":{"footnotes":""},"class_list":["post-604","page","type-page","status-publish","has-post-thumbnail","hentry"],"_links":{"self":[{"href":"https:\/\/archersdebollene.fr\/index.php\/wp-json\/wp\/v2\/pages\/604","targetHints":{"allow":["GET"]}}],"collection":[{"href":"https:\/\/archersdebollene.fr\/index.php\/wp-json\/wp\/v2\/pages"}],"about":[{"href":"https:\/\/archersdebollene.fr\/index.php\/wp-json\/wp\/v2\/types\/page"}],"author":[{"embeddable":true,"href":"https:\/\/archersdebollene.fr\/index.php\/wp-json\/wp\/v2\/users\/1"}],"replies":[{"embeddable":true,"href":"https:\/\/archersdebollene.fr\/index.php\/wp-json\/wp\/v2\/comments?post=604"}],"version-history":[{"count":9,"href":"https:\/\/archersdebollene.fr\/index.php\/wp-json\/wp\/v2\/pages\/604\/revisions"}],"predecessor-version":[{"id":1577,"href":"https:\/\/archersdebollene.fr\/index.php\/wp-json\/wp\/v2\/pages\/604\/revisions\/1577"}],"up":[{"embeddable":true,"href":"https:\/\/archersdebollene.fr\/index.php\/wp-json\/wp\/v2\/pages\/69"}],"wp:featuredmedia":[{"embeddable":true,"href":"https:\/\/archersdebollene.fr\/index.php\/wp-json\/wp\/v2\/media\/1485"}],"wp:attachment":[{"href":"https:\/\/archersdebollene.fr\/index.php\/wp-json\/wp\/v2\/media?parent=604"}],"curies":[{"name":"wp","href":"https:\/\/api.w.org\/{rel}","templated":true}]}}