{"id":296,"date":"2018-09-28T16:30:10","date_gmt":"2018-09-28T14:30:10","guid":{"rendered":"http:\/\/archersdebollene.fr\/?page_id=296"},"modified":"2025-11-20T14:06:46","modified_gmt":"2025-11-20T13:06:46","slug":"bienvenue","status":"publish","type":"page","link":"https:\/\/archersdebollene.fr\/","title":{"rendered":"Bienvenue"},"content":{"rendered":"<h2 style=\"text-align: center;\"><span style=\"color: #008000;\"><em><span style=\"vertical-align: inherit;\"><span style=\"vertical-align: inherit;\"><span style=\"vertical-align: inherit;\"><span style=\"vertical-align: inherit;\"><span style=\"vertical-align: inherit;\"><span style=\"vertical-align: inherit;\">Bienvenue<\/span><\/span><\/span><\/span><\/span><\/span><\/em><strong><em><span style=\"vertical-align: inherit;\"><span style=\"vertical-align: inherit;\"><span style=\"vertical-align: inherit;\"><span style=\"vertical-align: inherit;\"><span style=\"vertical-align: inherit;\"><span style=\"vertical-align: inherit;\"> sur le site web des Archers de Boll\u00e8ne!<\/span><\/span><\/span><\/span><\/span><\/span><\/em><\/strong><\/span><br \/><img loading=\"lazy\" decoding=\"async\" class=\"alignnone size-medium wp-image-7\" src=\"http:\/\/archersdebollene.fr\/wp-content\/uploads\/2018\/09\/000-300x241.jpg\" alt=\"\" width=\"300\" height=\"241\" srcset=\"https:\/\/archersdebollene.fr\/wp-content\/uploads\/2018\/09\/000-300x241.jpg 300w, https:\/\/archersdebollene.fr\/wp-content\/uploads\/2018\/09\/000-768x617.jpg 768w, https:\/\/archersdebollene.fr\/wp-content\/uploads\/2018\/09\/000-1024x823.jpg 1024w, https:\/\/archersdebollene.fr\/wp-content\/uploads\/2018\/09\/000.jpg 1388w\" sizes=\"auto, (max-width: 300px) 100vw, 300px\" \/><\/h2>\n<hr \/>\n<p><span style=\"color: #ff6600;\"><em><strong><span style=\"vertical-align: inherit;\"><span style=\"vertical-align: inherit;\"><span style=\"vertical-align: inherit;\"><span style=\"vertical-align: inherit;\"><span style=\"vertical-align: inherit;\"><span style=\"vertical-align: inherit;\">DERNI\u00c8RE MINUTE:<\/span><\/span><\/span><\/span><\/span><\/span><\/strong><\/em><\/span><\/p>\n<p><span style=\"color: #333399;\"><strong>Infos adh\u00e9rents :<\/strong><\/span><\/p>\n<ul>\n<li>Pas d&rsquo;infos&#8230;<\/li>\n<\/ul>\n<hr \/>\n<div id=\"primary\" class=\"content-area\">\n<article id=\"post-1\" class=\"post-1 post type-post status-publish format-standard hentry category-non-classe\">\n<div class=\"entry-content\">\n<h1 style=\"text-align: center;\"><img loading=\"lazy\" decoding=\"async\" class=\"alignnone  wp-image-1486\" src=\"http:\/\/archersdebollene.fr\/wp-content\/uploads\/2023\/09\/61d958b03e550_FFTALabelClubsAMBITION-Copie.jpg\" alt=\"\" width=\"824\" height=\"137\" srcset=\"https:\/\/archersdebollene.fr\/wp-content\/uploads\/2023\/09\/61d958b03e550_FFTALabelClubsAMBITION-Copie.jpg 1352w, https:\/\/archersdebollene.fr\/wp-content\/uploads\/2023\/09\/61d958b03e550_FFTALabelClubsAMBITION-Copie-300x50.jpg 300w, https:\/\/archersdebollene.fr\/wp-content\/uploads\/2023\/09\/61d958b03e550_FFTALabelClubsAMBITION-Copie-1024x170.jpg 1024w, https:\/\/archersdebollene.fr\/wp-content\/uploads\/2023\/09\/61d958b03e550_FFTALabelClubsAMBITION-Copie-768x128.jpg 768w\" sizes=\"auto, (max-width: 767px) 89vw, (max-width: 1000px) 54vw, (max-width: 1071px) 543px, 580px\" \/><\/h1>\n<\/div>\n<\/article>\n<\/div>\n<h2 style=\"text-align: center;\"><a href=\"https:\/\/www.facebook.com\/Archers-De-Boll%C3%A8ne-301247880607398\/\" target=\"_blank\" rel=\"noopener\"><span style=\"vertical-align: inherit;\"><span style=\"vertical-align: inherit;\"><span style=\"vertical-align: inherit;\"><span style=\"vertical-align: inherit;\"><span style=\"vertical-align: inherit;\"><span style=\"vertical-align: inherit;\"><img loading=\"lazy\" decoding=\"async\" class=\"wp-image-1208 aligncenter\" src=\"http:\/\/archersdebollene.fr\/wp-content\/uploads\/2020\/09\/1_emFLh7NyreWKNfOCAtpylQ.png\" alt=\"\" width=\"105\" height=\"106\" srcset=\"https:\/\/archersdebollene.fr\/wp-content\/uploads\/2020\/09\/1_emFLh7NyreWKNfOCAtpylQ.png 258w, https:\/\/archersdebollene.fr\/wp-content\/uploads\/2020\/09\/1_emFLh7NyreWKNfOCAtpylQ-150x150.png 150w, https:\/\/archersdebollene.fr\/wp-content\/uploads\/2020\/09\/1_emFLh7NyreWKNfOCAtpylQ-100x100.png 100w\" sizes=\"auto, (max-width: 105px) 100vw, 105px\" \/><\/span><\/span><\/span><\/span><\/span><\/span><\/a><strong><span style=\"vertical-align: inherit;\"><span style=\"vertical-align: inherit;\"><span style=\"vertical-align: inherit;\"><span style=\"vertical-align: inherit;\"><span style=\"vertical-align: inherit;\"><span style=\"vertical-align: inherit;\">Notre page Facebook: <\/span><\/span><\/span><\/span><\/span><\/span><a href=\"https:\/\/www.facebook.com\/Archers-De-Boll%C3%A8ne-301247880607398\/\" target=\"_blank\" rel=\"noopener noreferrer\"><span style=\"vertical-align: inherit;\"><span style=\"vertical-align: inherit;\"><span style=\"vertical-align: inherit;\"><span style=\"vertical-align: inherit;\"><span style=\"vertical-align: inherit;\"><span style=\"vertical-align: inherit;\">Archers de Boll\u00e8ne<\/span><\/span><\/span><\/span><\/span><\/span><\/a><\/strong><\/h2>\n<p>&nbsp;<\/p>\n<p style=\"text-align: left;\"><span style=\"color: #808080;\"><em><span style=\"vertical-align: inherit;\">Mise \u00e0 jour, novembre 2025.<\/span><\/em><\/span><\/p>\n\n\n<p><\/p>\n","protected":false},"excerpt":{"rendered":"<p>Bienvenue sur le site web des Archers de Boll\u00e8ne! DERNI\u00c8RE MINUTE: Infos adh\u00e9rents : Pas d&rsquo;infos&#8230; Notre page Facebook: Archers de Boll\u00e8ne &nbsp; Mise \u00e0 jour, novembre 2025.<\/p>\n","protected":false},"author":1,"featured_media":1239,"parent":0,"menu_order":0,"comment_status":"closed","ping_status":"closed","template":"","meta":{"footnotes":""},"class_list":["post-296","page","type-page","status-publish","has-post-thumbnail","hentry"],"_links":{"self":[{"href":"https:\/\/archersdebollene.fr\/index.php\/wp-json\/wp\/v2\/pages\/296","targetHints":{"allow":["GET"]}}],"collection":[{"href":"https:\/\/archersdebollene.fr\/index.php\/wp-json\/wp\/v2\/pages"}],"about":[{"href":"https:\/\/archersdebollene.fr\/index.php\/wp-json\/wp\/v2\/types\/page"}],"author":[{"embeddable":true,"href":"https:\/\/archersdebollene.fr\/index.php\/wp-json\/wp\/v2\/users\/1"}],"replies":[{"embeddable":true,"href":"https:\/\/archersdebollene.fr\/index.php\/wp-json\/wp\/v2\/comments?post=296"}],"version-history":[{"count":142,"href":"https:\/\/archersdebollene.fr\/index.php\/wp-json\/wp\/v2\/pages\/296\/revisions"}],"predecessor-version":[{"id":1637,"href":"https:\/\/archersdebollene.fr\/index.php\/wp-json\/wp\/v2\/pages\/296\/revisions\/1637"}],"wp:featuredmedia":[{"embeddable":true,"href":"https:\/\/archersdebollene.fr\/index.php\/wp-json\/wp\/v2\/media\/1239"}],"wp:attachment":[{"href":"https:\/\/archersdebollene.fr\/index.php\/wp-json\/wp\/v2\/media?parent=296"}],"curies":[{"name":"wp","href":"https:\/\/api.w.org\/{rel}","templated":true}]}}