{"id":25,"date":"2018-09-07T17:26:33","date_gmt":"2018-09-07T15:26:33","guid":{"rendered":"http:\/\/archersdebollene.fr\/?page_id=25"},"modified":"2025-11-20T14:05:14","modified_gmt":"2025-11-20T13:05:14","slug":"nos-concours","status":"publish","type":"page","link":"https:\/\/archersdebollene.fr\/index.php\/nos-concours\/","title":{"rendered":"Nos comp\u00e9titions"},"content":{"rendered":"<div id=\"content\" class=\"site-content\">\n<div class=\"wrap\">\n<div id=\"primary\" class=\"content-area\">\n<article id=\"post-65\" class=\"post-65 page type-page status-publish has-post-thumbnail hentry\">\n<div class=\"entry-content\">\n<div id=\"content\" class=\"site-content\">\n<div class=\"wrap\">\n<div id=\"primary\" class=\"content-area\">\n<article>\n<article><span style=\"color: #008000;\"><strong>&#8211; Concours SALLE 2025 :<\/strong><\/span><\/article>\n<p><span style=\"color: #0000ff;\"><strong><em>[ C O N F I R M \u00c9 ] <\/em><\/strong><\/span>Le samedi 15 et dimanche 16 novembre 2025.<\/p>\n<p><a href=\"http:\/\/archersdebollene.fr\/wp-content\/uploads\/2025\/11\/AVIS-DE-CONCOURS-SALLE-15-et-16-Novembre-2025.pdf\">AVIS-DE-CONCOURS-SALLE-15-et-16-Novembre-2025<\/a><\/p>\n<article><span style=\"color: #008000;\"><strong>&#8211; Concours NATURE 2026 :<\/strong><\/span><\/article>\n<p><span style=\"color: #0000ff;\"><strong><em>[ C O N F I R M \u00c9 ] <\/em><\/strong><\/span>Le dimanche 12 avril 2026.<br \/>\nMandat \u00e0 venir&#8230;<\/p>\n<\/article>\n<p>&nbsp;<\/p>\n<\/div>\n<\/div>\n<\/div>\n<\/div>\n<article><\/article>\n<div class=\"entry-content\">\n<div id=\"content\" class=\"site-content\">\n<div class=\"wrap\">\n<div id=\"primary\" class=\"content-area\">\n<article><span style=\"color: #993366;\"><strong>&#8211; Concours ext\u00e9rieur 2025 :<br \/>\n<\/strong><\/span><strong><span style=\"color: #339966;\"><em><strong style=\"font-size: 1rem;\">[ F I N I\u00a0 ] <\/strong><\/em><\/span><\/strong>Le samedi 21 et dimanche 22 juin 2025 :<br \/>\n<span style=\"font-size: 1rem;\">***************************<br \/>\n<\/span><strong style=\"color: #993366; font-size: 1rem;\">&#8211; Concours NATURE 2025 :<br \/>\n<\/strong><strong style=\"font-size: 1rem;\"><span style=\"color: #339966;\"><em><strong style=\"font-size: 1rem;\">[ F I N I\u00a0 ] <\/strong><\/em><\/span><\/strong><span style=\"font-size: 1rem;\">Le samedi 12 et dimanche 13 avril 2025 :<\/span><\/article>\n<article><span style=\"font-size: 1rem;\">***************************<br \/>\n<\/span><strong style=\"color: #993366; font-size: 1rem;\">&#8211; Concours SALLE 2024 :<\/strong><\/article>\n<p><strong style=\"font-size: 1rem;\"><span style=\"color: #339966;\"><em>[ F I N I\u00a0 ] <\/em><\/span><\/strong><span style=\"font-size: 1rem;\">Le dimanche 17 novembre 2024<br \/>\n<\/span><span style=\"font-size: 1rem;\">***************************<br \/>\n<\/span><strong style=\"color: #993366; font-size: 1rem;\">&#8211; Concours TAE National TAE International 2024 :<br \/>\n<\/strong><strong style=\"font-size: 1rem;\"><span style=\"color: #339966;\"><em>[ F I N I\u00a0 ] <\/em><\/span><\/strong><span style=\"font-size: 1rem;\">Le samedi 04 mai 2024<br \/>\n<\/span><span style=\"font-size: 1rem;\">***************************<\/span><\/p>\n<\/div>\n<\/div>\n<\/div>\n<\/div>\n<\/article>\n<\/div>\n<\/div>\n<\/div>\n","protected":false},"excerpt":{"rendered":"<p>&#8211; Concours SALLE 2025 : [ C O N F I R M \u00c9 ] Le samedi 15 et dimanche 16 novembre 2025. AVIS-DE-CONCOURS-SALLE-15-et-16-Novembre-2025 &#8211; Concours NATURE 2026 : [ C O N F I R M \u00c9 ] Le dimanche 12 avril 2026. Mandat \u00e0 venir&#8230; &nbsp; &#8211; Concours ext\u00e9rieur 2025 : [ F &hellip; <\/p>\n<p class=\"link-more\"><a href=\"https:\/\/archersdebollene.fr\/index.php\/nos-concours\/\" class=\"more-link\">Continuer la lecture<span class=\"screen-reader-text\"> de &laquo;&nbsp;Nos comp\u00e9titions&nbsp;&raquo;<\/span><\/a><\/p>\n","protected":false},"author":1,"featured_media":1187,"parent":0,"menu_order":0,"comment_status":"closed","ping_status":"closed","template":"","meta":{"footnotes":""},"class_list":["post-25","page","type-page","status-publish","has-post-thumbnail","hentry"],"_links":{"self":[{"href":"https:\/\/archersdebollene.fr\/index.php\/wp-json\/wp\/v2\/pages\/25","targetHints":{"allow":["GET"]}}],"collection":[{"href":"https:\/\/archersdebollene.fr\/index.php\/wp-json\/wp\/v2\/pages"}],"about":[{"href":"https:\/\/archersdebollene.fr\/index.php\/wp-json\/wp\/v2\/types\/page"}],"author":[{"embeddable":true,"href":"https:\/\/archersdebollene.fr\/index.php\/wp-json\/wp\/v2\/users\/1"}],"replies":[{"embeddable":true,"href":"https:\/\/archersdebollene.fr\/index.php\/wp-json\/wp\/v2\/comments?post=25"}],"version-history":[{"count":63,"href":"https:\/\/archersdebollene.fr\/index.php\/wp-json\/wp\/v2\/pages\/25\/revisions"}],"predecessor-version":[{"id":1636,"href":"https:\/\/archersdebollene.fr\/index.php\/wp-json\/wp\/v2\/pages\/25\/revisions\/1636"}],"wp:featuredmedia":[{"embeddable":true,"href":"https:\/\/archersdebollene.fr\/index.php\/wp-json\/wp\/v2\/media\/1187"}],"wp:attachment":[{"href":"https:\/\/archersdebollene.fr\/index.php\/wp-json\/wp\/v2\/media?parent=25"}],"curies":[{"name":"wp","href":"https:\/\/api.w.org\/{rel}","templated":true}]}}