{"id":2,"date":"2018-09-07T16:30:37","date_gmt":"2018-09-07T14:30:37","guid":{"rendered":"http:\/\/archersdebollene.fr\/?page_id=2"},"modified":"2025-09-19T11:10:24","modified_gmt":"2025-09-19T09:10:24","slug":"page-d-exemple","status":"publish","type":"page","link":"https:\/\/archersdebollene.fr\/index.php\/en-savoir-plus\/page-d-exemple\/","title":{"rendered":"Nos horaires d&rsquo;entrainements"},"content":{"rendered":"<p>Ces horaires sont donn\u00e9s \u00e0 titre indicatif pour les cr\u00e9neaux allou\u00e9s au gymnase Curie. L&rsquo;accueil des nouveaux arrivants se fait uniquement sur rendez\u2011vous (sauf le samedi \u00e0 10 h). Le terrain ext\u00e9rieur n&rsquo;\u00e9tant pas soumis \u00e0 ces horaires, ceux-ci peuvent varier, notamment en fonction de la m\u00e9t\u00e9o<\/p>\n\n\n<figure class=\"wp-block-table\"><table class=\"has-fixed-layout\"><tbody><tr><td class=\"has-text-align-center\" data-align=\"center\"> Lundi<\/td><td class=\"has-text-align-center\" data-align=\"center\">Mardi<\/td><td class=\"has-text-align-center\" data-align=\"center\">Mercredi<\/td><td class=\"has-text-align-center\" data-align=\"center\">Jeudi<\/td><td class=\"has-text-align-center\" data-align=\"center\">Vendredi<\/td><td class=\"has-text-align-center\" data-align=\"center\">Samedi<\/td><td class=\"has-text-align-center\" data-align=\"center\">Dimanche<\/td><\/tr><tr><td class=\"has-text-align-center\" data-align=\"center\">&#8211;<\/td><td class=\"has-text-align-center\" data-align=\"center\">&#8211;<\/td><td class=\"has-text-align-center\" data-align=\"center\">&#8211;<\/td><td class=\"has-text-align-center\" data-align=\"center\">&#8211;<\/td><td class=\"has-text-align-center\" data-align=\"center\">&#8211;<\/td><td class=\"has-text-align-center\" data-align=\"center\">8h-10h<\/td><td class=\"has-text-align-center\" data-align=\"center\">8h-12h<\/td><\/tr><tr><td class=\"has-text-align-center\" data-align=\"center\">&#8211;<\/td><td class=\"has-text-align-center\" data-align=\"center\">&#8211;<\/td><td class=\"has-text-align-center\" data-align=\"center\">&#8211;<\/td><td class=\"has-text-align-center\" data-align=\"center\">&#8211;<\/td><td class=\"has-text-align-center\" data-align=\"center\">&#8211;<\/td><td class=\"has-text-align-center\" data-align=\"center\">10h-12h<\/td><td class=\"has-text-align-center\" data-align=\"center\">&#8211;<\/td><\/tr><tr><td class=\"has-text-align-center\" data-align=\"center\">&#8211;<\/td><td class=\"has-text-align-center\" data-align=\"center\">16h30-19h30<\/td><td class=\"has-text-align-center\" data-align=\"center\">&#8211;<\/td><td class=\"has-text-align-center\" data-align=\"center\">16h30-19h30<\/td><td class=\"has-text-align-center\" data-align=\"center\">&#8211;<\/td><td class=\"has-text-align-center\" data-align=\"center\">16h30-19h30<\/td><td class=\"has-text-align-center\" data-align=\"center\">&#8211;<\/td><\/tr><tr><td class=\"has-text-align-center\" data-align=\"center\">&#8211;<\/td><td class=\"has-text-align-center\" data-align=\"center\">19h30-22h30<\/td><td class=\"has-text-align-center\" data-align=\"center\">&#8211;<\/td><td class=\"has-text-align-center\" data-align=\"center\">19h30-22h30<\/td><td class=\"has-text-align-center\" data-align=\"center\">19h30-22h30<\/td><td class=\"has-text-align-center\" data-align=\"center\">&#8211;<\/td><td class=\"has-text-align-center\" data-align=\"center\">&#8211;<\/td><\/tr><\/tbody><\/table><\/figure>\n","protected":false},"excerpt":{"rendered":"<p>Ces horaires sont donn\u00e9s \u00e0 titre indicatif pour les cr\u00e9neaux allou\u00e9s au gymnase Curie. L&rsquo;accueil des nouveaux arrivants se fait uniquement sur rendez\u2011vous (sauf le samedi \u00e0 10 h). Le terrain ext\u00e9rieur n&rsquo;\u00e9tant pas soumis \u00e0 ces horaires, ceux-ci peuvent varier, notamment en fonction de la m\u00e9t\u00e9o Lundi Mardi Mercredi Jeudi Vendredi Samedi Dimanche &#8211; &hellip; <\/p>\n<p class=\"link-more\"><a href=\"https:\/\/archersdebollene.fr\/index.php\/en-savoir-plus\/page-d-exemple\/\" class=\"more-link\">Continuer la lecture<span class=\"screen-reader-text\"> de &laquo;&nbsp;Nos horaires d&rsquo;entrainements&nbsp;&raquo;<\/span><\/a><\/p>\n","protected":false},"author":1,"featured_media":1027,"parent":69,"menu_order":0,"comment_status":"closed","ping_status":"open","template":"","meta":{"footnotes":""},"class_list":["post-2","page","type-page","status-publish","has-post-thumbnail","hentry"],"_links":{"self":[{"href":"https:\/\/archersdebollene.fr\/index.php\/wp-json\/wp\/v2\/pages\/2","targetHints":{"allow":["GET"]}}],"collection":[{"href":"https:\/\/archersdebollene.fr\/index.php\/wp-json\/wp\/v2\/pages"}],"about":[{"href":"https:\/\/archersdebollene.fr\/index.php\/wp-json\/wp\/v2\/types\/page"}],"author":[{"embeddable":true,"href":"https:\/\/archersdebollene.fr\/index.php\/wp-json\/wp\/v2\/users\/1"}],"replies":[{"embeddable":true,"href":"https:\/\/archersdebollene.fr\/index.php\/wp-json\/wp\/v2\/comments?post=2"}],"version-history":[{"count":29,"href":"https:\/\/archersdebollene.fr\/index.php\/wp-json\/wp\/v2\/pages\/2\/revisions"}],"predecessor-version":[{"id":1628,"href":"https:\/\/archersdebollene.fr\/index.php\/wp-json\/wp\/v2\/pages\/2\/revisions\/1628"}],"up":[{"embeddable":true,"href":"https:\/\/archersdebollene.fr\/index.php\/wp-json\/wp\/v2\/pages\/69"}],"wp:featuredmedia":[{"embeddable":true,"href":"https:\/\/archersdebollene.fr\/index.php\/wp-json\/wp\/v2\/media\/1027"}],"wp:attachment":[{"href":"https:\/\/archersdebollene.fr\/index.php\/wp-json\/wp\/v2\/media?parent=2"}],"curies":[{"name":"wp","href":"https:\/\/api.w.org\/{rel}","templated":true}]}}