{"id":124,"date":"2018-09-14T16:13:56","date_gmt":"2018-09-14T14:13:56","guid":{"rendered":"http:\/\/archersdebollene.fr\/?page_id=124"},"modified":"2025-09-19T10:55:45","modified_gmt":"2025-09-19T08:55:45","slug":"tarifs","status":"publish","type":"page","link":"https:\/\/archersdebollene.fr\/index.php\/en-savoir-plus\/tarifs\/","title":{"rendered":"Tarifs"},"content":{"rendered":"\n<figure class=\"wp-block-table\"><table class=\"has-fixed-layout\"><tbody><tr><td>   2025-2026<strong><br><\/strong><\/td><td><strong>Adh\u00e9rent(e) n\u00e9(e)<\/strong><\/td><td><strong>Cat\u00e9gories d&rsquo;\u00e2ges<\/strong> + <strong>\u00c2ge en 2025<\/strong><\/td><\/tr><tr><td rowspan=\"3\"><strong>Adultes<\/strong><\/td><td>Avant le 01.01.1967<\/td><td>(S3) Senior 3<\/td><td>60 ans et plus<\/td><\/tr><tr><td>Entre le 01.01.1967 et le 31.12.1986<\/td><td>(S2) Senior 2<\/td><td>40 \u00e0 59 ans<\/td><\/tr><tr><td>Entre le 01.01.1987 et le 31.12.2005<\/td><td>(S1) Senior 1<\/td><td>21 \u00e0 39 ans<\/td><\/tr><tr><td rowspan=\"4\"><strong>Jeunes<\/strong><\/td><td>Entre le 01.01.2006 et le 31.12.2008<\/td><td>U 21<\/td><td>18 \u00e0 20 ans<\/td><\/tr><tr><td>Entre le 01.01.2009 et le 31.12.2011<\/td><td>U 18<\/td><td>15 \u00e0 17 ans<\/td><\/tr><tr><td>Entre le 01.01.2012 et le 31.12.2013<\/td><td>U 15<\/td><td>13 \u00e0 14 ans<\/td><\/tr><tr><td>Entre le 01.01.2014 et le 31.12.2015<\/td><td>U13<\/td><td>11 \u00e0 12 ans<\/td><\/tr><tr><td><strong>Poussins<\/strong><\/td><td>Apr\u00e8s le 01.01.2016<\/td><td>U 11<\/td><td>10 ans et moins<\/td><\/tr><\/tbody><\/table><\/figure>\n\n\n\n<p>Tarifs saison 2025-2026 :<\/p>\n\n\n\n<ul class=\"wp-block-list\">\n<li>Adultes : 165 \u20ac<\/li>\n\n\n\n<li>Jeunes : 145 \u20ac<\/li>\n\n\n\n<li>Poussins : 115 \u20ac<\/li>\n<\/ul>\n\n\n\n<p><\/p>\n\n\n\n<ul class=\"wp-block-list\">\n<li>Kit d\u00e9butant disponible (nous consulter).<\/li>\n\n\n\n<li>Familles, \u00e0 partir de 3 licences : nous consulter.<\/li>\n<\/ul>\n\n\n<div class=\"wp-block-image\">\n<figure class=\"alignright\"><img loading=\"lazy\" decoding=\"async\" width=\"100\" height=\"108\" src=\"http:\/\/archersdebollene.fr\/wp-content\/uploads\/2018\/10\/ancv-279x300-e1539985075690.jpg\" alt=\"\" class=\"wp-image-602\"\/><\/figure>\n<\/div>\n\n\n<p><\/p>\n","protected":false},"excerpt":{"rendered":"<p>2025-2026 Adh\u00e9rent(e) n\u00e9(e) Cat\u00e9gories d&rsquo;\u00e2ges + \u00c2ge en 2025 Adultes Avant le 01.01.1967 (S3) Senior 3 60 ans et plus Entre le 01.01.1967 et le 31.12.1986 (S2) Senior 2 40 \u00e0 59 ans Entre le 01.01.1987 et le 31.12.2005 (S1) Senior 1 21 \u00e0 39 ans Jeunes Entre le 01.01.2006 et le 31.12.2008 U 21 &hellip; <\/p>\n<p class=\"link-more\"><a href=\"https:\/\/archersdebollene.fr\/index.php\/en-savoir-plus\/tarifs\/\" class=\"more-link\">Continuer la lecture<span class=\"screen-reader-text\"> de &laquo;&nbsp;Tarifs&nbsp;&raquo;<\/span><\/a><\/p>\n","protected":false},"author":1,"featured_media":629,"parent":69,"menu_order":0,"comment_status":"closed","ping_status":"closed","template":"","meta":{"footnotes":""},"class_list":["post-124","page","type-page","status-publish","has-post-thumbnail","hentry"],"_links":{"self":[{"href":"https:\/\/archersdebollene.fr\/index.php\/wp-json\/wp\/v2\/pages\/124","targetHints":{"allow":["GET"]}}],"collection":[{"href":"https:\/\/archersdebollene.fr\/index.php\/wp-json\/wp\/v2\/pages"}],"about":[{"href":"https:\/\/archersdebollene.fr\/index.php\/wp-json\/wp\/v2\/types\/page"}],"author":[{"embeddable":true,"href":"https:\/\/archersdebollene.fr\/index.php\/wp-json\/wp\/v2\/users\/1"}],"replies":[{"embeddable":true,"href":"https:\/\/archersdebollene.fr\/index.php\/wp-json\/wp\/v2\/comments?post=124"}],"version-history":[{"count":34,"href":"https:\/\/archersdebollene.fr\/index.php\/wp-json\/wp\/v2\/pages\/124\/revisions"}],"predecessor-version":[{"id":1625,"href":"https:\/\/archersdebollene.fr\/index.php\/wp-json\/wp\/v2\/pages\/124\/revisions\/1625"}],"up":[{"embeddable":true,"href":"https:\/\/archersdebollene.fr\/index.php\/wp-json\/wp\/v2\/pages\/69"}],"wp:featuredmedia":[{"embeddable":true,"href":"https:\/\/archersdebollene.fr\/index.php\/wp-json\/wp\/v2\/media\/629"}],"wp:attachment":[{"href":"https:\/\/archersdebollene.fr\/index.php\/wp-json\/wp\/v2\/media?parent=124"}],"curies":[{"name":"wp","href":"https:\/\/api.w.org\/{rel}","templated":true}]}}